{"id":1002,"date":"2025-06-12T20:42:09","date_gmt":"2025-06-12T18:42:09","guid":{"rendered":"https:\/\/noho.qwerzo.com\/rechtshinweis\/"},"modified":"2025-07-09T15:55:44","modified_gmt":"2025-07-09T13:55:44","slug":"rechtshinweis","status":"publish","type":"page","link":"https:\/\/noho.qwerzo.com\/de\/rechtshinweis\/","title":{"rendered":"Rechtshinweis"},"content":{"rendered":"<div class=\"fusion-fullwidth fullwidth-box fusion-builder-row-1 fusion-flex-container has-pattern-background has-mask-background nonhundred-percent-fullwidth non-hundred-percent-height-scrolling\" style=\"--awb-border-radius-top-left:0px;--awb-border-radius-top-right:0px;--awb-border-radius-bottom-right:0px;--awb-border-radius-bottom-left:0px;--awb-flex-wrap:wrap;\" ><div class=\"fusion-builder-row fusion-row fusion-flex-align-items-flex-start fusion-flex-justify-content-center fusion-flex-content-wrap\" style=\"max-width:1497.6px;margin-left: calc(-4% \/ 2 );margin-right: calc(-4% \/ 2 );\"><div class=\"fusion-layout-column fusion_builder_column fusion-builder-column-0 fusion-flex-column\" style=\"--awb-bg-size:cover;--awb-width-large:577px;--awb-margin-top-large:0px;--awb-spacing-right-large:2%;--awb-margin-bottom-large:0px;--awb-spacing-left-large:2%;--awb-width-medium:100%;--awb-order-medium:0;--awb-spacing-right-medium:1.92%;--awb-spacing-left-medium:1.92%;--awb-width-small:100%;--awb-order-small:0;--awb-spacing-right-small:1.92%;--awb-spacing-left-small:1.92%;\" data-scroll-devices=\"small-visibility,medium-visibility,large-visibility\"><div class=\"fusion-column-wrapper fusion-column-has-shadow fusion-flex-justify-content-flex-start fusion-content-layout-column\"><div class=\"fusion-text fusion-text-1\"><p>Gem\u00e4\u00df der im Gesetz 34\/2002 \u00fcber die Dienste der Informationsgesellschaft und den elektronischen Handel (LSSI-CE) festgelegten Informationspflicht informieren wir dich hiermit, dass diese Website Eigentum von:<\/p>\n<p>Eigent\u00fcmer: IBIZA MALIB\u00da S.A.<\/p>\n<p>CIF\/NIF: A07197064<\/p>\n<p>Eingetragener Sitz: PLAYA DE LAS SALINES S\/N 07817. SANT JORDI DE SES SALINES. BALEARISCHEN INSELN.  <\/p>\n<p>Telefon: 661626256<\/p>\n<p>E-Mail: nohobeachclub@gmail.com<\/p>\n<\/div><div class=\"fusion-title title fusion-title-1 fusion-sep-none fusion-title-text fusion-title-size-three\" style=\"--awb-font-size:1rem;\"><h3 class=\"fusion-title-heading title-heading-left fusion-responsive-typography-calculated\" style=\"font-family:&quot;Outfit&quot;;font-style:normal;font-weight:600;margin:0;font-size:1em;text-transform:uppercase;--fontSize:16;--minFontSize:16;line-height:1.1;\">Objekt<\/h3><\/div><div class=\"fusion-text fusion-text-2\"><p>Diese Website wurde erstellt, um die Dienstleistungen und Aktivit\u00e4ten von [Name des Restaurants] bekannt zu machen, insbesondere in Bezug auf Tischreservierungen und gastronomische Informationen.<\/p>\n<\/div><div class=\"fusion-title title fusion-title-2 fusion-sep-none fusion-title-text fusion-title-size-three\" style=\"--awb-font-size:1rem;\"><h3 class=\"fusion-title-heading title-heading-left fusion-responsive-typography-calculated\" style=\"font-family:&quot;Outfit&quot;;font-style:normal;font-weight:600;margin:0;font-size:1em;text-transform:uppercase;--fontSize:16;--minFontSize:16;line-height:1.1;\">Verantwortung<\/h3><\/div><div class=\"fusion-text fusion-text-3\"><p>Der Eigent\u00fcmer \u00fcbernimmt keine Haftung f\u00fcr Fehler oder Auslassungen in den Inhalten oder f\u00fcr Sch\u00e4den, die aus der Nutzung dieser Website entstehen, oder f\u00fcr Handlungen, die auf der Grundlage der darin enthaltenen Informationen vorgenommen werden.<\/p>\n<\/div><div class=\"fusion-title title fusion-title-3 fusion-sep-none fusion-title-text fusion-title-size-three\" style=\"--awb-font-size:1rem;\"><h3 class=\"fusion-title-heading title-heading-left fusion-responsive-typography-calculated\" style=\"font-family:&quot;Outfit&quot;;font-style:normal;font-weight:600;margin:0;font-size:1em;text-transform:uppercase;--fontSize:16;--minFontSize:16;line-height:1.1;\">Geistiges und gewerbliches Eigentum<\/h3><\/div><div class=\"fusion-text fusion-text-4\"><p>Alle Inhalte der Website (Texte, Bilder, Marken, Logos, Dateien, Farbkombinationen, Struktur usw.) sind Eigentum von [Name des Restaurants] oder von Dritten, die ihre Verwendung genehmigt haben. Die Vervielf\u00e4ltigung im Ganzen oder in Teilen ist ohne ausdr\u00fcckliche Genehmigung verboten.<\/p>\n<\/div><div class=\"fusion-title title fusion-title-4 fusion-sep-none fusion-title-text fusion-title-size-three\" style=\"--awb-font-size:1rem;\"><h3 class=\"fusion-title-heading title-heading-left fusion-responsive-typography-calculated\" style=\"font-family:&quot;Outfit&quot;;font-style:normal;font-weight:600;margin:0;font-size:1em;text-transform:uppercase;--fontSize:16;--minFontSize:16;line-height:1.1;\">Anwendbares Recht und Gerichtsbarkeit<\/h3><\/div><div class=\"fusion-text fusion-text-5\"><p>Die Beziehung zwischen dem Nutzer und dem Eigent\u00fcmer wird durch die geltende spanische Gesetzgebung geregelt. Alle Streitigkeiten werden den Gerichten von Ibiza vorgelegt, sofern die geltenden Vorschriften nichts anderes vorsehen.<\/p>\n<\/div><\/div><\/div><\/div><\/div>\n","protected":false},"excerpt":{"rendered":"","protected":false},"author":1,"featured_media":0,"parent":0,"menu_order":0,"comment_status":"closed","ping_status":"closed","template":"100-width.php","meta":{"footnotes":""},"class_list":["post-1002","page","type-page","status-publish","hentry"],"_links":{"self":[{"href":"https:\/\/noho.qwerzo.com\/de\/wp-json\/wp\/v2\/pages\/1002","targetHints":{"allow":["GET"]}}],"collection":[{"href":"https:\/\/noho.qwerzo.com\/de\/wp-json\/wp\/v2\/pages"}],"about":[{"href":"https:\/\/noho.qwerzo.com\/de\/wp-json\/wp\/v2\/types\/page"}],"author":[{"embeddable":true,"href":"https:\/\/noho.qwerzo.com\/de\/wp-json\/wp\/v2\/users\/1"}],"replies":[{"embeddable":true,"href":"https:\/\/noho.qwerzo.com\/de\/wp-json\/wp\/v2\/comments?post=1002"}],"version-history":[{"count":2,"href":"https:\/\/noho.qwerzo.com\/de\/wp-json\/wp\/v2\/pages\/1002\/revisions"}],"predecessor-version":[{"id":1008,"href":"https:\/\/noho.qwerzo.com\/de\/wp-json\/wp\/v2\/pages\/1002\/revisions\/1008"}],"wp:attachment":[{"href":"https:\/\/noho.qwerzo.com\/de\/wp-json\/wp\/v2\/media?parent=1002"}],"curies":[{"name":"wp","href":"https:\/\/api.w.org\/{rel}","templated":true}]}}