{"id":874,"date":"2025-06-12T21:10:53","date_gmt":"2025-06-12T19:10:53","guid":{"rendered":"https:\/\/noho.qwerzo.com\/datenschutzrichtlinie\/"},"modified":"2025-07-09T15:28:13","modified_gmt":"2025-07-09T13:28:13","slug":"datenschutzrichtlinie","status":"publish","type":"page","link":"https:\/\/noho.qwerzo.com\/de\/datenschutzrichtlinie\/","title":{"rendered":"Datenschutzrichtlinie"},"content":{"rendered":"<div class=\"fusion-fullwidth fullwidth-box fusion-builder-row-1 fusion-flex-container has-pattern-background has-mask-background nonhundred-percent-fullwidth non-hundred-percent-height-scrolling\" style=\"--awb-border-radius-top-left:0px;--awb-border-radius-top-right:0px;--awb-border-radius-bottom-right:0px;--awb-border-radius-bottom-left:0px;--awb-flex-wrap:wrap;\" ><div class=\"fusion-builder-row fusion-row fusion-flex-align-items-flex-start fusion-flex-justify-content-center fusion-flex-content-wrap\" style=\"max-width:1497.6px;margin-left: calc(-4% \/ 2 );margin-right: calc(-4% \/ 2 );\"><div class=\"fusion-layout-column fusion_builder_column fusion-builder-column-0 fusion-flex-column\" style=\"--awb-bg-size:cover;--awb-width-large:577px;--awb-margin-top-large:0px;--awb-spacing-right-large:2%;--awb-margin-bottom-large:0px;--awb-spacing-left-large:2%;--awb-width-medium:100%;--awb-order-medium:0;--awb-spacing-right-medium:1.92%;--awb-spacing-left-medium:1.92%;--awb-width-small:100%;--awb-order-small:0;--awb-spacing-right-small:1.92%;--awb-spacing-left-small:1.92%;\" data-scroll-devices=\"small-visibility,medium-visibility,large-visibility\"><div class=\"fusion-column-wrapper fusion-column-has-shadow fusion-flex-justify-content-flex-start fusion-content-layout-column\"><div class=\"fusion-text fusion-text-1\"><p>In \u00dcbereinstimmung mit der Verordnung (EU) 2016\/679 (RGPD) und dem Organgesetz 3\/2018 (LOPDGDD) informieren wir die Nutzer dieser Website \u00fcber die Verarbeitung ihrer personenbezogenen Daten.<\/p>\n<\/div><div class=\"fusion-title title fusion-title-1 fusion-sep-none fusion-title-text fusion-title-size-three\" style=\"--awb-font-size:1rem;\"><h3 class=\"fusion-title-heading title-heading-left fusion-responsive-typography-calculated\" style=\"font-family:&quot;Outfit&quot;;font-style:normal;font-weight:600;margin:0;font-size:1em;text-transform:uppercase;--fontSize:16;--minFontSize:16;line-height:1.1;\">Datenkontrolleur<\/h3><\/div><div class=\"fusion-text fusion-text-2\"><p>Kontakt E-Mail: nohobeachclub@gmail.com Verantwortlich: IBIZA MALIB\u00da S.A CIF: A07197064<\/p>\n<\/div><div class=\"fusion-title title fusion-title-2 fusion-sep-none fusion-title-text fusion-title-size-three\" style=\"--awb-font-size:1rem;\"><h3 class=\"fusion-title-heading title-heading-left fusion-responsive-typography-calculated\" style=\"font-family:&quot;Outfit&quot;;font-style:normal;font-weight:600;margin:0;font-size:1em;text-transform:uppercase;--fontSize:16;--minFontSize:16;line-height:1.1;\">Zweck<\/h3><\/div><div class=\"fusion-text fusion-text-3\"><ul>\n<li>Verwalte Tisch- und Veranstaltungsbuchungen.<\/li>\n<li>Zusendung von Informationsmaterial \u00fcber Dienstleistungen, Neuigkeiten und Veranstaltungen (mit vorheriger Zustimmung).<\/li>\n<li>Verbessere das Nutzererlebnis und die Webanalyse.<\/li>\n<\/ul>\n<\/div><div class=\"fusion-title title fusion-title-3 fusion-sep-none fusion-title-text fusion-title-size-three\" style=\"--awb-font-size:1rem;\"><h3 class=\"fusion-title-heading title-heading-left fusion-responsive-typography-calculated\" style=\"font-family:&quot;Outfit&quot;;font-style:normal;font-weight:600;margin:0;font-size:1em;text-transform:uppercase;--fontSize:16;--minFontSize:16;line-height:1.1;\">Legitimation<\/h3><\/div><div class=\"fusion-text fusion-text-4\"><ul>\n<li>Zustimmung der betroffenen Person.<\/li>\n<li>Durchf\u00fchrung des Vertragsverh\u00e4ltnisses (Reservierung).<\/li>\n<\/ul>\n<\/div><div class=\"fusion-title title fusion-title-4 fusion-sep-none fusion-title-text fusion-title-size-three\" style=\"--awb-font-size:1rem;\"><h3 class=\"fusion-title-heading title-heading-left fusion-responsive-typography-calculated\" style=\"font-family:&quot;Outfit&quot;;font-style:normal;font-weight:600;margin:0;font-size:1em;text-transform:uppercase;--fontSize:16;--minFontSize:16;line-height:1.1;\">Adressaten<\/h3><\/div><div class=\"fusion-text fusion-text-5\"><ul>\n<li>Es werden keine Daten an Dritte weitergegeben, es sei denn, wir sind gesetzlich dazu verpflichtet oder an Dienstleister, die f\u00fcr die T\u00e4tigkeit notwendig sind (z. B. Buchungsplattform).<\/li>\n<\/ul>\n<\/div><div class=\"fusion-title title fusion-title-5 fusion-sep-none fusion-title-text fusion-title-size-three\" style=\"--awb-font-size:1rem;\"><h3 class=\"fusion-title-heading title-heading-left fusion-responsive-typography-calculated\" style=\"font-family:&quot;Outfit&quot;;font-style:normal;font-weight:600;margin:0;font-size:1em;text-transform:uppercase;--fontSize:16;--minFontSize:16;line-height:1.1;\">Rechte<\/h3><\/div><div class=\"fusion-text fusion-text-6\"><p>Die Nutzer k\u00f6nnen ihre Rechte auf Auskunft, Berichtigung, L\u00f6schung, Widerspruch, Einschr\u00e4nkung und \u00dcbertragbarkeit aus\u00fcben, indem sie eine Anfrage an die angegebene E-Mail-Adresse senden und eine Kopie ihres Ausweises beif\u00fcgen.<\/p>\n<\/div><div class=\"fusion-title title fusion-title-6 fusion-sep-none fusion-title-text fusion-title-size-three\" style=\"--awb-font-size:1rem;\"><h3 class=\"fusion-title-heading title-heading-left fusion-responsive-typography-calculated\" style=\"font-family:&quot;Outfit&quot;;font-style:normal;font-weight:600;margin:0;font-size:1em;text-transform:uppercase;--fontSize:16;--minFontSize:16;line-height:1.1;\">Vorratsdatenspeicherung<\/h3><\/div><div class=\"fusion-text fusion-text-7\"><p>Personenbezogene Daten werden so lange aufbewahrt, wie es unbedingt notwendig ist, um den Zweck zu erf\u00fcllen, f\u00fcr den sie erhoben wurden, oder bis die betroffene Person ihre L\u00f6schung verlangt.<\/p>\n<\/div><div class=\"fusion-title title fusion-title-7 fusion-sep-none fusion-title-text fusion-title-size-three\" style=\"--awb-font-size:1rem;\"><h3 class=\"fusion-title-heading title-heading-left fusion-responsive-typography-calculated\" style=\"font-family:&quot;Outfit&quot;;font-style:normal;font-weight:600;margin:0;font-size:1em;text-transform:uppercase;--fontSize:16;--minFontSize:16;line-height:1.1;\">Sicherheitsma\u00dfnahmen<\/h3><\/div><div class=\"fusion-text fusion-text-8\"><p>IBIZA MALIB\u00da S.A. hat die notwendigen Sicherheitsma\u00dfnahmen getroffen, um die Vertraulichkeit und Integrit\u00e4t der Daten zu gew\u00e4hrleisten.<\/p>\n<\/div><\/div><\/div><\/div><\/div>\n","protected":false},"excerpt":{"rendered":"","protected":false},"author":1,"featured_media":0,"parent":0,"menu_order":0,"comment_status":"closed","ping_status":"closed","template":"100-width.php","meta":{"footnotes":""},"class_list":["post-874","page","type-page","status-publish","hentry"],"_links":{"self":[{"href":"https:\/\/noho.qwerzo.com\/de\/wp-json\/wp\/v2\/pages\/874","targetHints":{"allow":["GET"]}}],"collection":[{"href":"https:\/\/noho.qwerzo.com\/de\/wp-json\/wp\/v2\/pages"}],"about":[{"href":"https:\/\/noho.qwerzo.com\/de\/wp-json\/wp\/v2\/types\/page"}],"author":[{"embeddable":true,"href":"https:\/\/noho.qwerzo.com\/de\/wp-json\/wp\/v2\/users\/1"}],"replies":[{"embeddable":true,"href":"https:\/\/noho.qwerzo.com\/de\/wp-json\/wp\/v2\/comments?post=874"}],"version-history":[{"count":2,"href":"https:\/\/noho.qwerzo.com\/de\/wp-json\/wp\/v2\/pages\/874\/revisions"}],"predecessor-version":[{"id":898,"href":"https:\/\/noho.qwerzo.com\/de\/wp-json\/wp\/v2\/pages\/874\/revisions\/898"}],"wp:attachment":[{"href":"https:\/\/noho.qwerzo.com\/de\/wp-json\/wp\/v2\/media?parent=874"}],"curies":[{"name":"wp","href":"https:\/\/api.w.org\/{rel}","templated":true}]}}