{"id":1016,"date":"2025-06-12T21:15:46","date_gmt":"2025-06-12T19:15:46","guid":{"rendered":"https:\/\/noho.qwerzo.com\/politique-en-matiere-de-cookies\/"},"modified":"2025-07-09T18:18:42","modified_gmt":"2025-07-09T16:18:42","slug":"politique-de-cookies","status":"publish","type":"page","link":"https:\/\/noho.qwerzo.com\/fr\/politique-de-cookies\/","title":{"rendered":"Politique de cookies"},"content":{"rendered":"<div class=\"fusion-fullwidth fullwidth-box fusion-builder-row-1 fusion-flex-container has-pattern-background has-mask-background nonhundred-percent-fullwidth non-hundred-percent-height-scrolling\" style=\"--awb-border-radius-top-left:0px;--awb-border-radius-top-right:0px;--awb-border-radius-bottom-right:0px;--awb-border-radius-bottom-left:0px;--awb-flex-wrap:wrap;\" ><div class=\"fusion-builder-row fusion-row fusion-flex-align-items-flex-start fusion-flex-justify-content-center fusion-flex-content-wrap\" style=\"max-width:1497.6px;margin-left: calc(-4% \/ 2 );margin-right: calc(-4% \/ 2 );\"><div class=\"fusion-layout-column fusion_builder_column fusion-builder-column-0 fusion-flex-column\" style=\"--awb-bg-size:cover;--awb-width-large:577px;--awb-margin-top-large:0px;--awb-spacing-right-large:2%;--awb-margin-bottom-large:0px;--awb-spacing-left-large:2%;--awb-width-medium:100%;--awb-order-medium:0;--awb-spacing-right-medium:1.92%;--awb-spacing-left-medium:1.92%;--awb-width-small:100%;--awb-order-small:0;--awb-spacing-right-small:1.92%;--awb-spacing-left-small:1.92%;\" data-scroll-devices=\"small-visibility,medium-visibility,large-visibility\"><div class=\"fusion-column-wrapper fusion-column-has-shadow fusion-flex-justify-content-flex-start fusion-content-layout-column\"><div class=\"fusion-text fusion-text-1\"><p>Conform\u00e9ment au devoir d&rsquo;information \u00e9tabli par la loi 34\/2002 sur les services de la soci\u00e9t\u00e9 de l&rsquo;information et le commerce \u00e9lectronique (LSSI-CE), nous t&rsquo;informons par la pr\u00e9sente que ce site Web est la propri\u00e9t\u00e9 de :<\/p>\n<p>Propri\u00e9taire : IBIZA MALIB\u00da S.A.<\/p>\n<p>CIF\/NIF : A07197064<\/p>\n<p>Si\u00e8ge social : PLAYA DE LAS SALINES S\/N 07817. SANT JORDI DE SES SALINES. \u00ceLES BAL\u00c9ARES.<\/p>\n<p>T\u00e9l\u00e9phone : 661626256<\/p>\n<p>Courriel : nohobeachclub@gmail.com<\/p>\n<\/div><div class=\"fusion-title title fusion-title-1 fusion-sep-none fusion-title-text fusion-title-size-three\" style=\"--awb-font-size:1rem;\"><h3 class=\"fusion-title-heading title-heading-left fusion-responsive-typography-calculated\" style=\"font-family:&quot;Outfit&quot;;font-style:normal;font-weight:600;margin:0;font-size:1em;text-transform:uppercase;--fontSize:16;--minFontSize:16;line-height:1.1;\">Qu&rsquo;est-ce qu&rsquo;un biscuit ?<\/h3><\/div><div class=\"fusion-text fusion-text-2\"><p>Les cookies sont de petits fichiers texte qui sont stock\u00e9s dans le navigateur de l&rsquo;utilisateur pour faciliter l&rsquo;utilisation du site Web et am\u00e9liorer l&rsquo;exp\u00e9rience de navigation.<\/p>\n<\/div><div class=\"fusion-title title fusion-title-2 fusion-sep-none fusion-title-text fusion-title-size-three\" style=\"--awb-font-size:1rem;\"><h3 class=\"fusion-title-heading title-heading-left fusion-responsive-typography-calculated\" style=\"font-family:&quot;Outfit&quot;;font-style:normal;font-weight:600;margin:0;font-size:1em;text-transform:uppercase;--fontSize:16;--minFontSize:16;line-height:1.1;\">Types de cookies utilis\u00e9s<\/h3><\/div><div class=\"fusion-text fusion-text-3\"><ul>\n<li>Cookies techniques : n\u00e9cessaires \u00e0 la navigation et au fonctionnement du site web.<\/li>\n<li>Cookies de personnalisation : pour se souvenir des pr\u00e9f\u00e9rences.<\/li>\n<li>Cookies d&rsquo;analyse : pour analyser le comportement des utilisateurs sur le site (Google Analytics ou autres).<\/li>\n<\/ul>\n<\/div><div class=\"fusion-title title fusion-title-3 fusion-sep-none fusion-title-text fusion-title-size-three\" style=\"--awb-font-size:1rem;\"><h3 class=\"fusion-title-heading title-heading-left fusion-responsive-typography-calculated\" style=\"font-family:&quot;Outfit&quot;;font-style:normal;font-weight:600;margin:0;font-size:1em;text-transform:uppercase;--fontSize:16;--minFontSize:16;line-height:1.1;\">Consentement<\/h3><\/div><div class=\"fusion-text fusion-text-4\"><p>En acc\u00e9dant \u00e0 ce site web, l&rsquo;utilisateur consent \u00e0 l&rsquo;utilisation de cookies. Tu peux retirer ton consentement ou configurer les cookies en acc\u00e9dant aux param\u00e8tres de ton navigateur.<\/p>\n<\/div><div class=\"fusion-title title fusion-title-4 fusion-sep-none fusion-title-text fusion-title-size-three\" style=\"--awb-font-size:1rem;\"><h3 class=\"fusion-title-heading title-heading-left fusion-responsive-typography-calculated\" style=\"font-family:&quot;Outfit&quot;;font-style:normal;font-weight:600;margin:0;font-size:1em;text-transform:uppercase;--fontSize:16;--minFontSize:16;line-height:1.1;\">Param\u00e8tres des cookies<\/h3><\/div><div class=\"fusion-text fusion-text-5\"><p>Tu peux autoriser, bloquer ou supprimer les cookies install\u00e9s sur ton ordinateur en configurant les options du navigateur install\u00e9 sur ton appareil.<\/p>\n<\/div><div class=\"fusion-title title fusion-title-5 fusion-sep-none fusion-title-text fusion-title-size-three\" style=\"--awb-font-size:1rem;\"><h3 class=\"fusion-title-heading title-heading-left fusion-responsive-typography-calculated\" style=\"font-family:&quot;Outfit&quot;;font-style:normal;font-weight:600;margin:0;font-size:1em;text-transform:uppercase;--fontSize:16;--minFontSize:16;line-height:1.1;\">Modifications<\/h3><\/div><div class=\"fusion-text fusion-text-6\"><p>IBIZA MALIB\u00da S.A. se r\u00e9serve le droit de modifier cette politique pour l&rsquo;adapter \u00e0 une nouvelle l\u00e9gislation ou \u00e0 des changements sur le site web.<\/p>\n<\/div><\/div><\/div><\/div><\/div>\n","protected":false},"excerpt":{"rendered":"","protected":false},"author":1,"featured_media":0,"parent":0,"menu_order":0,"comment_status":"closed","ping_status":"closed","template":"100-width.php","meta":{"footnotes":""},"class_list":["post-1016","page","type-page","status-publish","hentry"],"_links":{"self":[{"href":"https:\/\/noho.qwerzo.com\/fr\/wp-json\/wp\/v2\/pages\/1016","targetHints":{"allow":["GET"]}}],"collection":[{"href":"https:\/\/noho.qwerzo.com\/fr\/wp-json\/wp\/v2\/pages"}],"about":[{"href":"https:\/\/noho.qwerzo.com\/fr\/wp-json\/wp\/v2\/types\/page"}],"author":[{"embeddable":true,"href":"https:\/\/noho.qwerzo.com\/fr\/wp-json\/wp\/v2\/users\/1"}],"replies":[{"embeddable":true,"href":"https:\/\/noho.qwerzo.com\/fr\/wp-json\/wp\/v2\/comments?post=1016"}],"version-history":[{"count":2,"href":"https:\/\/noho.qwerzo.com\/fr\/wp-json\/wp\/v2\/pages\/1016\/revisions"}],"predecessor-version":[{"id":1248,"href":"https:\/\/noho.qwerzo.com\/fr\/wp-json\/wp\/v2\/pages\/1016\/revisions\/1248"}],"wp:attachment":[{"href":"https:\/\/noho.qwerzo.com\/fr\/wp-json\/wp\/v2\/media?parent=1016"}],"curies":[{"name":"wp","href":"https:\/\/api.w.org\/{rel}","templated":true}]}}