{"id":1033,"date":"2025-06-12T20:42:09","date_gmt":"2025-06-12T18:42:09","guid":{"rendered":"https:\/\/noho.qwerzo.com\/avis-juridique\/"},"modified":"2025-07-09T15:55:53","modified_gmt":"2025-07-09T13:55:53","slug":"avis-juridique","status":"publish","type":"page","link":"https:\/\/noho.qwerzo.com\/fr\/avis-juridique\/","title":{"rendered":"Avis juridique"},"content":{"rendered":"<div class=\"fusion-fullwidth fullwidth-box fusion-builder-row-1 fusion-flex-container has-pattern-background has-mask-background nonhundred-percent-fullwidth non-hundred-percent-height-scrolling\" style=\"--awb-border-radius-top-left:0px;--awb-border-radius-top-right:0px;--awb-border-radius-bottom-right:0px;--awb-border-radius-bottom-left:0px;--awb-flex-wrap:wrap;\" ><div class=\"fusion-builder-row fusion-row fusion-flex-align-items-flex-start fusion-flex-justify-content-center fusion-flex-content-wrap\" style=\"max-width:1497.6px;margin-left: calc(-4% \/ 2 );margin-right: calc(-4% \/ 2 );\"><div class=\"fusion-layout-column fusion_builder_column fusion-builder-column-0 fusion-flex-column\" style=\"--awb-bg-size:cover;--awb-width-large:577px;--awb-margin-top-large:0px;--awb-spacing-right-large:2%;--awb-margin-bottom-large:0px;--awb-spacing-left-large:2%;--awb-width-medium:100%;--awb-order-medium:0;--awb-spacing-right-medium:1.92%;--awb-spacing-left-medium:1.92%;--awb-width-small:100%;--awb-order-small:0;--awb-spacing-right-small:1.92%;--awb-spacing-left-small:1.92%;\" data-scroll-devices=\"small-visibility,medium-visibility,large-visibility\"><div class=\"fusion-column-wrapper fusion-column-has-shadow fusion-flex-justify-content-flex-start fusion-content-layout-column\"><div class=\"fusion-text fusion-text-1\"><p>Conform\u00e9ment au devoir d&rsquo;information \u00e9tabli par la loi 34\/2002 sur les services de la soci\u00e9t\u00e9 de l&rsquo;information et le commerce \u00e9lectronique (LSSI-CE), nous t&rsquo;informons par la pr\u00e9sente que ce site Web est la propri\u00e9t\u00e9 de :<\/p>\n<p>Propri\u00e9taire : IBIZA MALIB\u00da S.A.<\/p>\n<p>CIF\/NIF : A07197064<\/p>\n<p>Si\u00e8ge social : PLAYA DE LAS SALINES S\/N 07817. SANT JORDI DE SES SALINES. \u00ceLES BALEARS.  <\/p>\n<p>T\u00e9l\u00e9phone : 661626256<\/p>\n<p>Courriel : nohobeachclub@gmail.com<\/p>\n<\/div><div class=\"fusion-title title fusion-title-1 fusion-sep-none fusion-title-text fusion-title-size-three\" style=\"--awb-font-size:1rem;\"><h3 class=\"fusion-title-heading title-heading-left fusion-responsive-typography-calculated\" style=\"font-family:&quot;Outfit&quot;;font-style:normal;font-weight:600;margin:0;font-size:1em;text-transform:uppercase;--fontSize:16;--minFontSize:16;line-height:1.1;\">Objet<\/h3><\/div><div class=\"fusion-text fusion-text-2\"><p>Ce site Internet a \u00e9t\u00e9 cr\u00e9\u00e9 pour faire conna\u00eetre les services et les activit\u00e9s de [Nom du restaurant], notamment en ce qui concerne les r\u00e9servations de tables et les informations gastronomiques.<\/p>\n<\/div><div class=\"fusion-title title fusion-title-2 fusion-sep-none fusion-title-text fusion-title-size-three\" style=\"--awb-font-size:1rem;\"><h3 class=\"fusion-title-heading title-heading-left fusion-responsive-typography-calculated\" style=\"font-family:&quot;Outfit&quot;;font-style:normal;font-weight:600;margin:0;font-size:1em;text-transform:uppercase;--fontSize:16;--minFontSize:16;line-height:1.1;\">Responsabilit\u00e9<\/h3><\/div><div class=\"fusion-text fusion-text-3\"><p>Le propri\u00e9taire d\u00e9cline toute responsabilit\u00e9 en cas d&rsquo;erreur ou d&rsquo;omission dans le contenu ou pour tout dommage r\u00e9sultant de l&rsquo;utilisation de ce site Web, ou pour toute action entreprise sur la base des informations qui y sont fournies.<\/p>\n<\/div><div class=\"fusion-title title fusion-title-3 fusion-sep-none fusion-title-text fusion-title-size-three\" style=\"--awb-font-size:1rem;\"><h3 class=\"fusion-title-heading title-heading-left fusion-responsive-typography-calculated\" style=\"font-family:&quot;Outfit&quot;;font-style:normal;font-weight:600;margin:0;font-size:1em;text-transform:uppercase;--fontSize:16;--minFontSize:16;line-height:1.1;\">Propri\u00e9t\u00e9 intellectuelle et industrielle<\/h3><\/div><div class=\"fusion-text fusion-text-4\"><p>Tous les contenus du site (textes, images, marques, logos, fichiers, combinaisons de couleurs, structure, etc.) sont la propri\u00e9t\u00e9 de [Nom du restaurant] ou de tiers ayant autoris\u00e9 leur utilisation. Toute reproduction totale ou partielle sans autorisation expresse est interdite.<\/p>\n<\/div><div class=\"fusion-title title fusion-title-4 fusion-sep-none fusion-title-text fusion-title-size-three\" style=\"--awb-font-size:1rem;\"><h3 class=\"fusion-title-heading title-heading-left fusion-responsive-typography-calculated\" style=\"font-family:&quot;Outfit&quot;;font-style:normal;font-weight:600;margin:0;font-size:1em;text-transform:uppercase;--fontSize:16;--minFontSize:16;line-height:1.1;\">Droit applicable et juridiction<\/h3><\/div><div class=\"fusion-text fusion-text-5\"><p>Les relations entre l&rsquo;utilisateur et le propri\u00e9taire sont r\u00e9gies par la l\u00e9gislation espagnole en vigueur. Tout litige sera soumis aux cours et tribunaux d&rsquo;Ibiza, sauf si la r\u00e9glementation en vigueur en dispose autrement.<\/p>\n<\/div><\/div><\/div><\/div><\/div>\n","protected":false},"excerpt":{"rendered":"","protected":false},"author":1,"featured_media":0,"parent":0,"menu_order":0,"comment_status":"closed","ping_status":"closed","template":"100-width.php","meta":{"footnotes":""},"class_list":["post-1033","page","type-page","status-publish","hentry"],"_links":{"self":[{"href":"https:\/\/noho.qwerzo.com\/fr\/wp-json\/wp\/v2\/pages\/1033","targetHints":{"allow":["GET"]}}],"collection":[{"href":"https:\/\/noho.qwerzo.com\/fr\/wp-json\/wp\/v2\/pages"}],"about":[{"href":"https:\/\/noho.qwerzo.com\/fr\/wp-json\/wp\/v2\/types\/page"}],"author":[{"embeddable":true,"href":"https:\/\/noho.qwerzo.com\/fr\/wp-json\/wp\/v2\/users\/1"}],"replies":[{"embeddable":true,"href":"https:\/\/noho.qwerzo.com\/fr\/wp-json\/wp\/v2\/comments?post=1033"}],"version-history":[{"count":2,"href":"https:\/\/noho.qwerzo.com\/fr\/wp-json\/wp\/v2\/pages\/1033\/revisions"}],"predecessor-version":[{"id":1039,"href":"https:\/\/noho.qwerzo.com\/fr\/wp-json\/wp\/v2\/pages\/1033\/revisions\/1039"}],"wp:attachment":[{"href":"https:\/\/noho.qwerzo.com\/fr\/wp-json\/wp\/v2\/media?parent=1033"}],"curies":[{"name":"wp","href":"https:\/\/api.w.org\/{rel}","templated":true}]}}